{"id":15391,"date":"2020-01-06T15:07:35","date_gmt":"2020-01-06T13:07:35","guid":{"rendered":"https:\/\/uscar.ee\/fca-recall\/"},"modified":"2020-01-06T15:07:35","modified_gmt":"2020-01-06T13:07:35","slug":"fca-recall","status":"publish","type":"page","link":"https:\/\/uscar.ee\/en\/fca-recall\/","title":{"rendered":"FCA tagasikutsumise kampaania"},"content":{"rendered":"<section class=\"wpb-content-wrapper\"><p>[vc_section][vc_row][vc_column]\t<div id=\"cd_space_69e0b77006e5a\" class=\"cd-space cd-space-69e0b77006e5e \" style=\"clear:both; display:block;\"><\/div>\n\t<style type=\"text\/css\">#cd_space_69e0b77006e5a{height:40px;}@media only screen and (max-width: 1200px){#cd_space_69e0b77006e5a{ height:40px; } }@media only screen and (max-width: 992px) {#cd_space_69e0b77006e5a{ height:40px; } }@media only screen and (max-width: 767px) {#cd_space_69e0b77006e5a{ height:20px; } }@media only screen and (max-width: 479px) {#cd_space_69e0b77006e5a{ height:20px; } }<\/style>\n\t[vc_single_image image=&#8221;11728&#8243; img_size=&#8221;full&#8221; alignment=&#8221;center&#8221;]\t<div id=\"cd_space_69e0b77006e9a\" class=\"cd-space cd-space-69e0b77006e9c \" style=\"clear:both; display:block;\"><\/div>\n\t<style type=\"text\/css\">#cd_space_69e0b77006e9a{height:40px;}@media only screen and (max-width: 1200px){#cd_space_69e0b77006e9a{ height:40px; } }@media only screen and (max-width: 992px) {#cd_space_69e0b77006e9a{ height:40px; } }@media only screen and (max-width: 767px) {#cd_space_69e0b77006e9a{ height:20px; } }@media only screen and (max-width: 479px) {#cd_space_69e0b77006e9a{ height:20px; } }<\/style>\n\t[vc_column_text]<\/p>\n<div class=\"row\">\n<div class=\"col-sm-12\">\n<h3 class=\"text-left\" style=\"text-align: center;\"><span style=\"color: #db2e2d;\">AUTO TAGASIKUTSUMISE KAMPAANIA<\/span><\/h3>\n<\/div>\n<\/div>\n<div class=\"row mt-4\">\n<div class=\"col-sm-12\">\n<div id=\"mlb2-1698222\" class=\"ml-subscribe-form\">\n<form class=\"ml-block-form mb-0\" action=\"https:\/\/app.mailerlite.com\/webforms\/submit\/h9c2o3\" method=\"POST\" data-code=\"h9c2o3\" data-redirect=\"\" data-redirect-target=\"\">\n<div class=\"row\">\n<div class=\"col\">\n<div>\n<div class=\"form-group ml-field-name ml-validate-required mb-2\"><\/div>\n<\/div>\n<\/div>\n<\/div>\n<\/form>\n<\/div>\n<\/div>\n<\/div>\n<p>[\/vc_column_text]\t<div id=\"cd_space_69e0b77006eb1\" class=\"cd-space cd-space-69e0b77006eb2 \" style=\"clear:both; display:block;\"><\/div>\n\t<style type=\"text\/css\">#cd_space_69e0b77006eb1{height:40px;}@media only screen and (max-width: 1200px){#cd_space_69e0b77006eb1{ height:40px; } }@media only screen and (max-width: 992px) {#cd_space_69e0b77006eb1{ height:40px; } }@media only screen and (max-width: 767px) {#cd_space_69e0b77006eb1{ height:20px; } }@media only screen and (max-width: 479px) {#cd_space_69e0b77006eb1{ height:20px; } }<\/style>\n\t[vc_column_text]<\/p>\n<div class=\"row\">\n<div class=\"col-sm-12\">\n<p><strong>Tehaset\u00e4his:<\/strong>\u00a0<br \/>\n<strong>Tootja:<\/strong>\u00a0<\/p>\n<p>Lugupeetud <strong>\u00a0<\/strong>s\u00f5iduki omanik. Meile teadaolevalt kehtivad teile allolevad tooteparanduskampaaniad.<\/p>\n<p><strong>Tooteparanduskampaania(d):<\/strong>\u00a0<\/p>\n<\/div>\n<\/div>\n<p>[\/vc_column_text]\t<div id=\"cd_space_69e0b77006efb\" class=\"cd-space cd-space-69e0b77006efc \" style=\"clear:both; display:block;\"><\/div>\n\t<style type=\"text\/css\">#cd_space_69e0b77006efb{height:40px;}@media only screen and (max-width: 1200px){#cd_space_69e0b77006efb{ height:40px; } }@media only screen and (max-width: 992px) {#cd_space_69e0b77006efb{ height:40px; } }@media only screen and (max-width: 767px) {#cd_space_69e0b77006efb{ height:20px; } }@media only screen and (max-width: 479px) {#cd_space_69e0b77006efb{ height:20px; } }<\/style>\n\t[vc_column_text]<\/p>\n<div class=\"row\">\n<div class=\"col-sm-12\">\n<p><strong>TASUTA<\/strong> parandust\u00f6\u00f6de teostmiseks palun andke teada teile sobiv remondi aeg ja kontrollige \u00fcle kontaktinfo.<\/p>\n<p>Peale konktaktvormi saatmist v\u00f5tab Teiega \u00fchendust FCA lepinguline partner Ameerika Autoteeninduse O\u00dc\u00a0hooldusn\u00f5unik ja t\u00e4psustab \u00fcle \u00fcksikasjad.<\/p>\n<\/div>\n<\/div>\n<p>[\/vc_column_text]\t<div id=\"cd_space_69e0b77006f0a\" class=\"cd-space cd-space-69e0b77006f0b \" style=\"clear:both; display:block;\"><\/div>\n\t<style type=\"text\/css\">#cd_space_69e0b77006f0a{height:40px;}@media only screen and (max-width: 1200px){#cd_space_69e0b77006f0a{ height:40px; } }@media only screen and (max-width: 992px) {#cd_space_69e0b77006f0a{ height:40px; } }@media only screen and (max-width: 767px) {#cd_space_69e0b77006f0a{ height:20px; } }@media only screen and (max-width: 479px) {#cd_space_69e0b77006f0a{ height:20px; } }<\/style>\n\t\n<div class=\"wpcf7 no-js\" id=\"wpcf7-f11748-o1\" lang=\"en-US\" dir=\"ltr\" data-wpcf7-id=\"11748\">\n<div class=\"screen-reader-response\"><p role=\"status\" aria-live=\"polite\" aria-atomic=\"true\"><\/p> <ul><\/ul><\/div>\n<form action=\"\/en\/wp-json\/wp\/v2\/pages\/15391#wpcf7-f11748-o1\" method=\"post\" class=\"wpcf7-form init\" aria-label=\"Contact form\" novalidate=\"novalidate\" data-status=\"init\">\n<fieldset class=\"hidden-fields-container\"><input type=\"hidden\" name=\"_wpcf7\" value=\"11748\" \/><input type=\"hidden\" name=\"_wpcf7_version\" value=\"6.1.4\" \/><input type=\"hidden\" name=\"_wpcf7_locale\" value=\"en_US\" \/><input type=\"hidden\" name=\"_wpcf7_unit_tag\" value=\"wpcf7-f11748-o1\" \/><input type=\"hidden\" name=\"_wpcf7_container_post\" value=\"0\" \/><input type=\"hidden\" name=\"_wpcf7_posted_data_hash\" value=\"\" \/><input type=\"hidden\" name=\"cf7_wpml_lang\" value=\"en\" \/><input type=\"hidden\" name=\"cdhl_skip_fields\" value=\"\" \/><input type=\"hidden\" name=\"_wpcf7dtx_version\" value=\"5.0.4\" \/><input type=\"hidden\" name=\"_wpcf7_recaptcha_response\" value=\"\" \/>\n<\/fieldset>\n<div class=\"contact-form row\">\n\t<div class=\"col-lg-4 col-md-4\">\n\t\t<div class=\"form-group\">\n\t\t\t<p><span class=\"wpcf7-form-control-wrap\" data-name=\"nimi\"><input size=\"40\" maxlength=\"400\" class=\"wpcf7-form-control wpcf7-text wpcf7-validates-as-required form-control\" aria-required=\"true\" aria-invalid=\"false\" placeholder=\"Nimi*\" value=\"\" type=\"text\" name=\"nimi\" \/><\/span>\n\t\t\t<\/p>\n\t\t<\/div>\n\t<\/div>\n\t<div class=\"col-lg-4 col-md-4\">\n\t\t<div class=\"form-group\">\n\t\t\t<p><span class=\"wpcf7-form-control-wrap\" data-name=\"email\"><input size=\"40\" maxlength=\"400\" class=\"wpcf7-form-control wpcf7-text wpcf7-validates-as-required form-control\" aria-required=\"true\" aria-invalid=\"false\" placeholder=\"E-mail*\" value=\"\" type=\"text\" name=\"email\" \/><\/span>\n\t\t\t<\/p>\n\t\t<\/div>\n\t<\/div>\n\t<div class=\"col-lg-4 col-md-4\">\n\t\t<div class=\"form-group\">\n\t\t\t<p><span class=\"wpcf7-form-control-wrap\" data-name=\"telefon\"><input size=\"40\" maxlength=\"400\" class=\"wpcf7-form-control wpcf7-text wpcf7-validates-as-required form-control\" aria-required=\"true\" aria-invalid=\"false\" placeholder=\"Telefon*\" value=\"\" type=\"text\" name=\"telefon\" \/><\/span>\n\t\t\t<\/p>\n\t\t<\/div>\n\t<\/div>\n\t<div class=\"col-lg-12 col-md-12\">\n\t\t<div class=\"form-group\">\n\t\t\t<p><span class=\"wpcf7-form-control-wrap\" data-name=\"remondiaeg\"><textarea cols=\"40\" rows=\"10\" maxlength=\"2000\" class=\"wpcf7-form-control wpcf7-textarea wpcf7-validates-as-required form-control\" aria-required=\"true\" aria-invalid=\"false\" placeholder=\"Sobiv remondi aeg*\" name=\"remondiaeg\"><\/textarea><\/span>\n\t\t\t<\/p>\n\t\t<span class=\"wpcf7-form-control-wrap tootja\" data-name=\"tootja\"><input type=\"hidden\" name=\"tootja\" class=\"wpcf7-form-control wpcf7-hidden wpcf7dtx wpcf7dtx-hidden\" aria-invalid=\"false\"><\/span>\n\t\t<span class=\"wpcf7-form-control-wrap mudel\" data-name=\"mudel\"><input type=\"hidden\" name=\"mudel\" class=\"wpcf7-form-control wpcf7-hidden wpcf7dtx wpcf7dtx-hidden\" aria-invalid=\"false\"><\/span>\n\t\t<span class=\"wpcf7-form-control-wrap vin\" data-name=\"vin\"><input type=\"hidden\" name=\"vin\" class=\"wpcf7-form-control wpcf7-hidden wpcf7dtx wpcf7dtx-hidden\" aria-invalid=\"false\"><\/span>\n\t\t<span class=\"wpcf7-form-control-wrap recall-description\" data-name=\"recall-description\"><input type=\"hidden\" name=\"recall-description\" class=\"wpcf7-form-control wpcf7-hidden wpcf7dtx wpcf7dtx-hidden\" aria-invalid=\"false\"><\/span>\n\t\t<\/div>\n\t<\/div>\n\t<div class=\"col-lg-12 col-md-12\">\n\t\t<p><input class=\"wpcf7-form-control wpcf7-submit has-spinner button red\" type=\"submit\" value=\"Saada\" \/>\n\t\t<\/p>\n\t<\/div>\n<\/div><div class=\"wpcf7-response-output\" aria-hidden=\"true\"><\/div>\n<\/form>\n<\/div>\n\t<div id=\"cd_space_69e0b77007754\" class=\"cd-space cd-space-69e0b77007756 \" style=\"clear:both; display:block;\"><\/div>\n\t<style type=\"text\/css\">#cd_space_69e0b77007754{height:40px;}@media only screen and (max-width: 1200px){#cd_space_69e0b77007754{ height:40px; } }@media only screen and (max-width: 992px) {#cd_space_69e0b77007754{ height:40px; } }@media only screen and (max-width: 767px) {#cd_space_69e0b77007754{ height:20px; } }@media only screen and (max-width: 479px) {#cd_space_69e0b77007754{ height:20px; } }<\/style>\n\t[\/vc_column][\/vc_row][\/vc_section]<\/p>\n<\/section>","protected":false},"excerpt":{"rendered":"<p>[vc_section][vc_row][vc_column][vc_single_image image=&#8221;11728&#8243; img_size=&#8221;full&#8221; alignment=&#8221;center&#8221;][vc_column_text] AUTO TAGASIKUTSUMISE KAMPAANIA [\/vc_column_text][vc_column_text] Tehaset\u00e4his:\u00a0 Tootja:\u00a0 Lugupeetud \u00a0s\u00f5iduki omanik. Meile teadaolevalt kehtivad teile allolevad tooteparanduskampaaniad. Tooteparanduskampaania(d):\u00a0 [\/vc_column_text][vc_column_text] TASUTA parandust\u00f6\u00f6de teostmiseks palun andke teada teile sobiv remondi aeg ja kontrollige \u00fcle kontaktinfo. Peale konktaktvormi saatmist v\u00f5tab Teiega \u00fchendust FCA lepinguline partner Ameerika Autoteeninduse O\u00dc\u00a0hooldusn\u00f5unik ja t\u00e4psustab \u00fcle \u00fcksikasjad. [\/vc_column_text][\/vc_column][\/vc_row][\/vc_section]<\/p>\n","protected":false},"author":1,"featured_media":0,"parent":0,"menu_order":0,"comment_status":"closed","ping_status":"closed","template":"templates\/cardealer-without-header-footer.php","meta":{"footnotes":""},"class_list":["post-15391","page","type-page","status-publish","hentry"],"acf":[],"aioseo_notices":[],"_links":{"self":[{"href":"https:\/\/uscar.ee\/en\/wp-json\/wp\/v2\/pages\/15391","targetHints":{"allow":["GET"]}}],"collection":[{"href":"https:\/\/uscar.ee\/en\/wp-json\/wp\/v2\/pages"}],"about":[{"href":"https:\/\/uscar.ee\/en\/wp-json\/wp\/v2\/types\/page"}],"author":[{"embeddable":true,"href":"https:\/\/uscar.ee\/en\/wp-json\/wp\/v2\/users\/1"}],"replies":[{"embeddable":true,"href":"https:\/\/uscar.ee\/en\/wp-json\/wp\/v2\/comments?post=15391"}],"version-history":[{"count":0,"href":"https:\/\/uscar.ee\/en\/wp-json\/wp\/v2\/pages\/15391\/revisions"}],"wp:attachment":[{"href":"https:\/\/uscar.ee\/en\/wp-json\/wp\/v2\/media?parent=15391"}],"curies":[{"name":"wp","href":"https:\/\/api.w.org\/{rel}","templated":true}]}}