{"id":15516,"date":"2019-01-09T01:06:34","date_gmt":"2019-01-08T23:06:34","guid":{"rendered":"https:\/\/uscar.ee\/varuosad\/"},"modified":"2025-04-07T16:02:43","modified_gmt":"2025-04-07T13:02:43","slug":"parts","status":"publish","type":"page","link":"https:\/\/uscar.ee\/en\/parts\/","title":{"rendered":"Parts"},"content":{"rendered":"<section class=\"wpb-content-wrapper\"><p>[vc_row][vc_column]\t<div id=\"cd_space_69e4cc6ed2710\" class=\"cd-space cd-space-69e4cc6ed2715 \" style=\"clear:both; display:block;\"><\/div>\n\t<style type=\"text\/css\">#cd_space_69e4cc6ed2710{height:40px;}@media only screen and (max-width: 1200px){#cd_space_69e4cc6ed2710{ height:40px; } }@media only screen and (max-width: 992px) {#cd_space_69e4cc6ed2710{ height:40px; } }@media only screen and (max-width: 767px) {#cd_space_69e4cc6ed2710{ height:20px; } }@media only screen and (max-width: 479px) {#cd_space_69e4cc6ed2710{ height:20px; } }<\/style>\n\t[\/vc_column][\/vc_row][vc_row][vc_column width=&#8221;4\/6&#8243;][vc_column_text]<\/p>\n<div>\n<p>Meil on suur varuosaladu Eestis enamlevinud ameerika s\u00f5idukitele. Meie valikus on palju originaalvaruosi, hindame kvaliteeti ja pakume seda ka Teile. Tellitavad varuosad j\u00f5uavad meieni otse Ameerikast igan\u00e4dalaste lennusaadetistega. Parim viis s\u00f5idukil esineva probleemi k\u00f5rvaldamiseks on p\u00f6\u00f6rduda\u00a0meie hooldusn\u00f5unike poole kui aga teate millist varuosa vajate saatke allolev vorm ja me vastame Teile.<\/p>\n<\/div>\n<p>[\/vc_column_text][\/vc_column][vc_column width=&#8221;1\/6&#8243;]\t<div id=\"cd_space_69e4cc6ed2765\" class=\"cd-space cd-space-69e4cc6ed2767 \" style=\"clear:both; display:block;\"><\/div>\n\t<style type=\"text\/css\">#cd_space_69e4cc6ed2765{height:0px;}@media only screen and (max-width: 1200px){#cd_space_69e4cc6ed2765{ height:0px; } }@media only screen and (max-width: 992px) {#cd_space_69e4cc6ed2765{ height:0px; } }@media only screen and (max-width: 767px) {#cd_space_69e4cc6ed2765{ height:20px; } }@media only screen and (max-width: 479px) {#cd_space_69e4cc6ed2765{ height:20px; } }<\/style>\n\t\t<div id=\"cd_feature_box_69e4cc6ed2781\" class=\"feature-box feature-border style-4  default-feature no-image\">\n\t\t\t\t<div class=\"icon\">\n\t\t\t<i class=\"fa fa-phone\"><\/i>\n\t\t<\/div>\n\t\t<div class=\"content\">\n\t\t\t<a href=\"tel:+3726999222\" id=\"cd_feature_box_69e4cc6ed2781\">\n\t\t\t\t<h6>+372 6999 222<\/h6>\t\t\t<\/a>\n\t\t\t\t\t<\/div>\n\t<\/div>\n\t[\/vc_column][vc_column width=&#8221;1\/6&#8243;]\t<div id=\"cd_feature_box_69e4cc6ed27f9\" class=\"feature-box feature-border style-4  default-feature no-image\">\n\t\t\t\t<div class=\"icon\">\n\t\t\t<i class=\"fa fa-envelope-o\"><\/i>\n\t\t<\/div>\n\t\t<div class=\"content\">\n\t\t\t<a href=\"mailto:service@uscar.ee\" id=\"cd_feature_box_69e4cc6ed27f9\">\n\t\t\t\t<h6>service@uscar.ee<\/h6>\t\t\t<\/a>\n\t\t\t\t\t<\/div>\n\t<\/div>\n\t[\/vc_column][\/vc_row][vc_row][vc_column]\t<div id=\"cd_space_69e4cc6ed281d\" class=\"cd-space cd-space-69e4cc6ed281f \" style=\"clear:both; display:block;\"><\/div>\n\t<style type=\"text\/css\">#cd_space_69e4cc6ed281d{height:40px;}@media only screen and (max-width: 1200px){#cd_space_69e4cc6ed281d{ height:40px; } }@media only screen and (max-width: 992px) {#cd_space_69e4cc6ed281d{ height:40px; } }@media only screen and (max-width: 767px) {#cd_space_69e4cc6ed281d{ height:20px; } }@media only screen and (max-width: 479px) {#cd_space_69e4cc6ed281d{ height:20px; } }<\/style>\n\t\t<div class=\"section-title text-left style_1\">\n\t\t\t\t\t\t<span><\/span>\n\t\t\t\t\t\t\t<h3>Varusoade p\u00e4ringu vorm<\/h3>\n\t\t\t\t\t\t\t<div class=\"separator\"><\/div>\n\t\t\t\t\t<\/div>\n\t\n<div class=\"wpcf7 no-js\" id=\"wpcf7-f8406-o1\" lang=\"en-US\" dir=\"ltr\" data-wpcf7-id=\"8406\">\n<div class=\"screen-reader-response\"><p role=\"status\" aria-live=\"polite\" aria-atomic=\"true\"><\/p> <ul><\/ul><\/div>\n<form action=\"\/en\/wp-json\/wp\/v2\/pages\/15516#wpcf7-f8406-o1\" method=\"post\" class=\"wpcf7-form init\" aria-label=\"Contact form\" novalidate=\"novalidate\" data-status=\"init\">\n<fieldset class=\"hidden-fields-container\"><input type=\"hidden\" name=\"_wpcf7\" value=\"8406\" \/><input type=\"hidden\" name=\"_wpcf7_version\" value=\"6.1.4\" \/><input type=\"hidden\" name=\"_wpcf7_locale\" value=\"en_US\" \/><input type=\"hidden\" name=\"_wpcf7_unit_tag\" value=\"wpcf7-f8406-o1\" \/><input type=\"hidden\" name=\"_wpcf7_container_post\" value=\"0\" \/><input type=\"hidden\" name=\"_wpcf7_posted_data_hash\" value=\"\" \/><input type=\"hidden\" name=\"cf7_wpml_lang\" value=\"en\" \/><input type=\"hidden\" name=\"cdhl_skip_fields\" value=\"\" \/><input type=\"hidden\" name=\"_wpcf7dtx_version\" value=\"5.0.4\" \/><input type=\"hidden\" name=\"_wpcf7_recaptcha_response\" value=\"\" \/>\n<\/fieldset>\n<div class=\"contact-form row\">\n\t<div class=\"col-sm-12\">\n\t\t<div class=\"form-group\">\n\t\t\t<p><span class=\"wpcf7-form-control-wrap\" data-name=\"nimi\"><input size=\"40\" maxlength=\"400\" class=\"wpcf7-form-control wpcf7-text\" aria-invalid=\"false\" placeholder=\"Nimi\" value=\"\" type=\"text\" name=\"nimi\" \/><\/span>\n\t\t\t<\/p>\n\t\t<\/div>\n\t<\/div>\n\t<div class=\"col-sm-12\">\n\t\t<div class=\"form-group\">\n\t\t\t<p><span class=\"wpcf7-form-control-wrap\" data-name=\"telefon\"><input size=\"40\" maxlength=\"400\" class=\"wpcf7-form-control wpcf7-text wpcf7-validates-as-required\" aria-required=\"true\" aria-invalid=\"false\" placeholder=\"Telefon*\" value=\"\" type=\"text\" name=\"telefon\" \/><\/span>\n\t\t\t<\/p>\n\t\t<\/div>\n\t<\/div>\n\t<div class=\"col-sm-12\">\n\t\t<div class=\"form-group\">\n\t\t\t<p><span class=\"wpcf7-form-control-wrap\" data-name=\"e-mail\"><input size=\"40\" maxlength=\"400\" class=\"wpcf7-form-control wpcf7-email wpcf7-validates-as-required wpcf7-text wpcf7-validates-as-email\" aria-required=\"true\" aria-invalid=\"false\" placeholder=\"E-mail*\" value=\"\" type=\"email\" name=\"e-mail\" \/><\/span>\n\t\t\t<\/p>\n\t\t<\/div>\n\t<\/div>\n\t<div class=\"col-sm-12\">\n\t\t<div class=\"form-group\">\n\t\t\t<p><span class=\"wpcf7-form-control-wrap\" data-name=\"reg_vin\"><input size=\"40\" maxlength=\"400\" class=\"wpcf7-form-control wpcf7-text wpcf7-validates-as-required\" aria-required=\"true\" aria-invalid=\"false\" placeholder=\"Registreerimism\u00e4rk v\u00f5i VIN-kood*\" value=\"\" type=\"text\" name=\"reg_vin\" \/><\/span>\n\t\t\t<\/p>\n\t\t<\/div>\n\t<\/div>\n\t<div class=\"col-sm-12\">\n\t\t<div class=\"form-group\">\n\t\t\t<p><span class=\"wpcf7-form-control-wrap\" data-name=\"paringu-sisu\"><textarea cols=\"40\" rows=\"10\" maxlength=\"2000\" class=\"wpcf7-form-control wpcf7-textarea wpcf7-validates-as-required\" aria-required=\"true\" aria-invalid=\"false\" placeholder=\"P\u00e4ringu sisu*\" name=\"paringu-sisu\"><\/textarea><\/span>\n\t\t\t<\/p>\n\t\t<\/div>\n\t<\/div>\n\t<div class=\"col-sm-12\">\n\t\t<div class=\"form-group\">\n\t\t\t<p><span class=\"wpcf7-form-control-wrap\" data-name=\"soovin-pakkumist\"><textarea cols=\"40\" rows=\"10\" maxlength=\"2000\" class=\"wpcf7-form-control wpcf7-textarea\" aria-invalid=\"false\" placeholder=\"Soovin pakkumist j\u00e4rgmistele t\u00f6\u00f6dele\" name=\"soovin-pakkumist\"><\/textarea><\/span>\n\t\t\t<\/p>\n\t\t<\/div>\n\t<\/div>\n\t<div class=\"col-sm-12\">\n\t\t<p><input class=\"wpcf7-form-control wpcf7-submit has-spinner button red\" type=\"submit\" value=\"Saada\" \/>\n\t\t<\/p>\n\t<\/div>\n<\/div><div class=\"wpcf7-response-output\" aria-hidden=\"true\"><\/div>\n<\/form>\n<\/div>\n\t<div id=\"cd_space_69e4cc6ed2eb4\" class=\"cd-space cd-space-69e4cc6ed2eb7 \" style=\"clear:both; display:block;\"><\/div>\n\t<style type=\"text\/css\">#cd_space_69e4cc6ed2eb4{height:40px;}@media only screen and (max-width: 1200px){#cd_space_69e4cc6ed2eb4{ height:40px; } }@media only screen and (max-width: 992px) {#cd_space_69e4cc6ed2eb4{ height:40px; } }@media only screen and (max-width: 767px) {#cd_space_69e4cc6ed2eb4{ height:40px; } }@media only screen and (max-width: 479px) {#cd_space_69e4cc6ed2eb4{ height:40px; } }<\/style>\n\t[\/vc_column][\/vc_row]<\/p>\n<\/section>","protected":false},"excerpt":{"rendered":"<p>[vc_row][vc_column][\/vc_column][\/vc_row][vc_row][vc_column width=&#8221;4\/6&#8243;][vc_column_text] Meil on suur varuosaladu Eestis enamlevinud ameerika s\u00f5idukitele. Meie valikus on palju originaalvaruosi, hindame kvaliteeti ja pakume seda ka Teile. Tellitavad varuosad j\u00f5uavad meieni otse Ameerikast igan\u00e4dalaste lennusaadetistega. Parim viis s\u00f5idukil esineva probleemi k\u00f5rvaldamiseks on p\u00f6\u00f6rduda\u00a0meie hooldusn\u00f5unike poole kui aga teate millist varuosa vajate saatke allolev vorm ja me vastame Teile. [\/vc_column_text][\/vc_column][vc_column width=&#8221;1\/6&#8243;][\/vc_column][vc_column [&hellip;]<\/p>\n","protected":false},"author":1,"featured_media":0,"parent":0,"menu_order":0,"comment_status":"closed","ping_status":"closed","template":"spare_parts.php","meta":{"footnotes":""},"class_list":["post-15516","page","type-page","status-publish","hentry"],"acf":[],"aioseo_notices":[],"_links":{"self":[{"href":"https:\/\/uscar.ee\/en\/wp-json\/wp\/v2\/pages\/15516","targetHints":{"allow":["GET"]}}],"collection":[{"href":"https:\/\/uscar.ee\/en\/wp-json\/wp\/v2\/pages"}],"about":[{"href":"https:\/\/uscar.ee\/en\/wp-json\/wp\/v2\/types\/page"}],"author":[{"embeddable":true,"href":"https:\/\/uscar.ee\/en\/wp-json\/wp\/v2\/users\/1"}],"replies":[{"embeddable":true,"href":"https:\/\/uscar.ee\/en\/wp-json\/wp\/v2\/comments?post=15516"}],"version-history":[{"count":1,"href":"https:\/\/uscar.ee\/en\/wp-json\/wp\/v2\/pages\/15516\/revisions"}],"predecessor-version":[{"id":15542,"href":"https:\/\/uscar.ee\/en\/wp-json\/wp\/v2\/pages\/15516\/revisions\/15542"}],"wp:attachment":[{"href":"https:\/\/uscar.ee\/en\/wp-json\/wp\/v2\/media?parent=15516"}],"curies":[{"name":"wp","href":"https:\/\/api.w.org\/{rel}","templated":true}]}}